{"id":26,"date":"2021-02-13T20:50:47","date_gmt":"2021-02-13T20:50:47","guid":{"rendered":"https:\/\/www.blaugelb-schneppenbaum.online\/?page_id=26"},"modified":"2021-10-04T19:54:22","modified_gmt":"2021-10-04T19:54:22","slug":"historie","status":"publish","type":"page","link":"https:\/\/www.blaugelb-schneppenbaum.com\/?page_id=26","title":{"rendered":"Chronik"},"content":{"rendered":"\n<p>Am 10.Oktober 1972 wurde die Gesellschaft von 10 Personen, die sich immer zu einem Stammtisch in der Gastst\u00e4tte \u201eAlte Post\u201c trafen, gegr\u00fcndet.<\/p>\n\n\n\n<p>Da Jeder als Vereinsfarben, die Farben seiner Bundesligalieblinge haben wollte, einigte man sich auf \u201eBlau-Gelb\u201c.<\/p>\n\n\n\n<p>So entstand der Vereinsname \u201eKarnevalsclub Blau-Gelb Schneppenbaum\u201c.<\/p>\n\n\n\n<p>Als Vorsitzender und Pr\u00e4sident war von Beginn an Hermann Seeger. Dieses doppelte Amt bekleidete er 12 Jahre lang.<\/p>\n\n\n\n<p>Wegen Starker Mitgliederentwicklung und vermehrter Aufgaben, wurde dieses Amt dann getrennt. <\/p>\n\n\n\n<p>1. Vorsitzender wurde Kurt Str\u00f6hmer, Hermann Seeger blieb bis zum heutigen Tage 1. Pr\u00e4sident.<\/p>\n\n\n\n<p>Als Vereinslokal wurde die \u201eAlte Post\u201c in Schneppenbaum bis zur Aufgabe der Gastst\u00e4tte beibehalten.<\/p>\n\n\n\n<p>Hier fanden auch die ersten karnevalistischen Veranstaltungen statt.<\/p>\n\n\n\n<p>1973 fuhr der erste Karnevalswagen mit im Tulpensonntagszug. Gebaut wurden die ersten Wagen jahrelang von Torsten T\u00fchl,<\/p>\n\n\n\n<p>Werner und Wolfgang Herter.<\/p>\n\n\n\n<p>Unter der Leitung von Mathilde Cirkler und Mine Seeger bildeten sich die ersten \u201eFu\u00dfgruppen\u201c, die auch heute noch bestehen.<\/p>\n\n\n\n<p>1984 trat der Verein dem Klever Rosenmontagskomitee bei. Seit dem ziehen Wagen und Fu\u00dfgruppen im Rosenmontagszug in Kleve mit.<\/p>\n\n\n\n<p>Am 02.09.1987 wurde auf Wunsch der Gemeinde von den Gesellschaften \u201eFunkturm Hau\u201c,<\/p>\n\n\n\n<p>\u201eHasselter Carnevalsgemeinschaft\u201c und Karnevalsclub Blau-Gelb Schneppenbaum\u201c das Tulpensonntagskomitee gegr\u00fcndet,<\/p>\n\n\n\n<p>dass die Prinzessinnengestellung, den Tulpensonntagszug, sp\u00e4terhin den Rathaussturm und den Prinzessinnenfr\u00fchschoppen regeln soll.<\/p>\n\n\n\n<p>Von Beginn an bis zum Jahre 2005 wurde Hermann Seeger durchgehend zum 1. Vorsitzenden gew\u00e4hlt.<\/p>\n\n\n\n<p>1989 \u00fcbernahm Heinz Schwingeler das Amt des 1. Vorsitzenden im Verein, danach Andreas Strack, der von Lore de Vries im Jahre 2000 abgel\u00f6st wurde.<\/p>\n\n\n\n<p>Die erste Prunksitzung 1982 wurde ein gro\u00dfer Erfolg.<\/p>\n\n\n\n<p>Nach verschiedenen wechselnden Sitzungsorten und Dank der Hilfe des damaligen B\u00fcrgermeisters Hans Geurts und der Betriebsleitung der Rheinischen Kliniken feierte man die Sitzungen mit gro\u00dfem Erfolg bis zum Jahre 2005 im Gesellschaftshaus. 2006 wechselte man zum \u201eTeam-Sports\u201c nach Hasselt, da hier ein gr\u00f6\u00dferer Saal zur Verf\u00fcgung steht.<\/p>\n\n\n\n<p>Unsere Jugendabteilung wurde von Ingrid Bax aus der Taufe gehoben, die auch heute noch nach dem Landesjugendgesetz gef\u00fchrt wird.<\/p>\n\n\n\n<p>Ingrid Bax war auch die erste Trainerin.<\/p>\n\n\n\n<p>Zur Zeit tanzen 4 Garde- und Showtanzgruppen, angefangen vom Kindesalter bis zu den Erwachsenen.<\/p>\n\n\n\n<p>1989 stellten die Blau-Gelben mit Prinzessin Petra I., 1991 und 1992 mit Yvonne I., 2000 mit Yvonne II. und 2004 mit Rebecca I, die Tulpenprinzessinnen.<\/p>\n\n\n\n<p>2002 kam der Klever Stadtprinz \u201eJonny der Farbenfrohe\u201c aus den Reihen unseres Vereins.<\/p>\n\n\n\n<p>Seit 1985 ist der Verein dem BDK, 1984 der FEN und 1990 der NEG angeschlossen.<\/p>\n\n\n\n<p>Ebenfalls haben wir sehr oft an der Steubenparade in New York teilgenommen.<\/p>\n\n\n\n<p>Auch jetzt noch freut sich der Verein \u00fcber steigende Mitgliederzahlen.<\/p>\n","protected":false},"excerpt":{"rendered":"<p>Am 10.Oktober 1972 wurde die Gesellschaft von 10 Personen, die sich immer zu einem Stammtisch in der Gastst\u00e4tte \u201eAlte Post\u201c trafen, gegr\u00fcndet. Da Jeder als Vereinsfarben, die Farben seiner Bundesligalieblinge haben wollte, einigte man sich auf \u201eBlau-Gelb\u201c. So entstand der Vereinsname \u201eKarnevalsclub Blau-Gelb Schneppenbaum\u201c. Als Vorsitzender und Pr\u00e4sident war von [&hellip;]<\/p>\n","protected":false},"author":1,"featured_media":0,"parent":0,"menu_order":0,"comment_status":"closed","ping_status":"closed","template":"","meta":{"_acf_changed":false,"_monsterinsights_skip_tracking":false,"_monsterinsights_sitenote_active":false,"_monsterinsights_sitenote_note":"","_monsterinsights_sitenote_category":0,"ngg_post_thumbnail":0,"footnotes":""},"class_list":["post-26","page","type-page","status-publish","hentry"],"acf":[],"_links":{"self":[{"href":"https:\/\/www.blaugelb-schneppenbaum.com\/index.php?rest_route=\/wp\/v2\/pages\/26","targetHints":{"allow":["GET"]}}],"collection":[{"href":"https:\/\/www.blaugelb-schneppenbaum.com\/index.php?rest_route=\/wp\/v2\/pages"}],"about":[{"href":"https:\/\/www.blaugelb-schneppenbaum.com\/index.php?rest_route=\/wp\/v2\/types\/page"}],"author":[{"embeddable":true,"href":"https:\/\/www.blaugelb-schneppenbaum.com\/index.php?rest_route=\/wp\/v2\/users\/1"}],"replies":[{"embeddable":true,"href":"https:\/\/www.blaugelb-schneppenbaum.com\/index.php?rest_route=%2Fwp%2Fv2%2Fcomments&post=26"}],"version-history":[{"count":2,"href":"https:\/\/www.blaugelb-schneppenbaum.com\/index.php?rest_route=\/wp\/v2\/pages\/26\/revisions"}],"predecessor-version":[{"id":720,"href":"https:\/\/www.blaugelb-schneppenbaum.com\/index.php?rest_route=\/wp\/v2\/pages\/26\/revisions\/720"}],"wp:attachment":[{"href":"https:\/\/www.blaugelb-schneppenbaum.com\/index.php?rest_route=%2Fwp%2Fv2%2Fmedia&parent=26"}],"curies":[{"name":"wp","href":"https:\/\/api.w.org\/{rel}","templated":true}]}}